{"id":27397183,"date":"2026-01-05T11:16:42","date_gmt":"2026-01-05T11:16:42","guid":{"rendered":"https:\/\/dev.sushi.fr\/?page_id=27397183"},"modified":"2026-01-05T11:16:42","modified_gmt":"2026-01-05T11:16:42","slug":"mentions-legales","status":"publish","type":"page","link":"https:\/\/dev.sushi.fr\/index.php\/mentions-legales\/","title":{"rendered":"MENTIONS L\u00c9GALES"},"content":{"rendered":"<p>[et_pb_section fb_built=\u00a0\u00bb1&Prime; custom_padding_last_edited=\u00a0\u00bbon|tablet\u00a0\u00bb _builder_version=\u00a0\u00bb4.27.5&Prime; _module_preset=\u00a0\u00bbdefault\u00a0\u00bb background_color=\u00a0\u00bb#E4007E\u00a0\u00bb background_enable_image=\u00a0\u00bboff\u00a0\u00bb custom_margin=\u00a0\u00bb-150px||100px||false|false\u00a0\u00bb custom_margin_tablet=\u00a0\u00bb0px||70px||false|false\u00a0\u00bb custom_margin_phone=\u00a0\u00bb0px||50px||false|false\u00a0\u00bb custom_margin_last_edited=\u00a0\u00bbon|phone\u00a0\u00bb custom_padding=\u00a0\u00bb300px||20px||false|false\u00a0\u00bb custom_padding_tablet=\u00a0\u00bb120px||20px||false|false\u00a0\u00bb custom_padding_phone=\u00a0\u00bb||||false|false\u00a0\u00bb background_last_edited=\u00a0\u00bbon|phone\u00a0\u00bb background_image_tablet=\u00a0\u00bbhttp:\/\/dev.sushi.fr\/wp-content\/uploads\/2026\/01\/HEADER_SITE_CARTE_TABLET_770x490-copie-2.webp\u00a0\u00bb background_image_phone=\u00a0\u00bbhttp:\/\/dev.sushi.fr\/wp-content\/uploads\/2026\/01\/HEADER_SITE_CARTE_MOB_400x350.webp\u00a0\u00bb background_enable_image_tablet=\u00a0\u00bbon\u00a0\u00bb background_enable_image_phone=\u00a0\u00bbon\u00a0\u00bb locked=\u00a0\u00bboff\u00a0\u00bb collapsed=\u00a0\u00bboff\u00a0\u00bb global_colors_info=\u00a0\u00bb{}\u00a0\u00bb theme_builder_area=\u00a0\u00bbpost_content\u00a0\u00bb][et_pb_row use_custom_gutter=\u00a0\u00bbon\u00a0\u00bb gutter_width=\u00a0\u00bb1&Prime; make_equal=\u00a0\u00bbon\u00a0\u00bb custom_padding_last_edited=\u00a0\u00bbon|phone\u00a0\u00bb module_class=\u00a0\u00bbdp-reverse-columns\u00a0\u00bb _builder_version=\u00a0\u00bb4.27.5&Prime; _module_preset=\u00a0\u00bbdefault\u00a0\u00bb custom_margin=\u00a0\u00bb30px||30px||false|false\u00a0\u00bb custom_padding_tablet=\u00a0\u00bb\u00a0\u00bb custom_padding_phone=\u00a0\u00bb||0px||false|false\u00a0\u00bb hover_enabled=\u00a0\u00bb0&Prime; custom_css_main_element=\u00a0\u00bbalign-items:flex-end;\u00a0\u00bb locked=\u00a0\u00bboff\u00a0\u00bb global_colors_info=\u00a0\u00bb{}\u00a0\u00bb theme_builder_area=\u00a0\u00bbpost_content\u00a0\u00bb sticky_enabled=\u00a0\u00bb0&Prime;][et_pb_column type=\u00a0\u00bb4_4&Prime; _builder_version=\u00a0\u00bb4.27.4&Prime; _module_preset=\u00a0\u00bbdefault\u00a0\u00bb global_colors_info=\u00a0\u00bb{}\u00a0\u00bb theme_builder_area=\u00a0\u00bbpost_content\u00a0\u00bb][et_pb_text _builder_version=\u00a0\u00bb4.27.5&Prime; _module_preset=\u00a0\u00bbdefault\u00a0\u00bb header_font=\u00a0\u00bbsharp-grotesk-medium||||||||\u00a0\u00bb header_text_align=\u00a0\u00bbright\u00a0\u00bb header_text_color=\u00a0\u00bb#FFFFFF\u00a0\u00bb header_font_size=\u00a0\u00bb90px\u00a0\u00bb custom_margin=\u00a0\u00bb||-25px||false|false\u00a0\u00bb custom_margin_tablet=\u00a0\u00bb||-25px||false|false\u00a0\u00bb custom_margin_phone=\u00a0\u00bb||-10px||false|false\u00a0\u00bb custom_margin_last_edited=\u00a0\u00bbon|phone\u00a0\u00bb header_text_align_tablet=\u00a0\u00bbcenter\u00a0\u00bb header_text_align_phone=\u00a0\u00bbright\u00a0\u00bb header_text_align_last_edited=\u00a0\u00bbon|phone\u00a0\u00bb header_font_size_tablet=\u00a0\u00bb90px\u00a0\u00bb header_font_size_phone=\u00a0\u00bb35px\u00a0\u00bb header_font_size_last_edited=\u00a0\u00bbon|phone\u00a0\u00bb global_colors_info=\u00a0\u00bb{}\u00a0\u00bb theme_builder_area=\u00a0\u00bbpost_content\u00a0\u00bb]<\/p>\n<h1><span data-metadata=\"&lt;!--(figmeta)eyJmaWxlS2V5IjoiTjZHS0p1dk45blZEeWF5ZjhRY0tNSSIsInBhc3RlSUQiOjEwMjYwNTcyMzQsImRhdGFUeXBlIjoic2NlbmUifQo=(\/figmeta)--&gt;\" style=\"font-style: normal; font-variant-caps: normal; font-weight: 400; letter-spacing: normal; orphans: auto; text-align: start; text-indent: 0px; text-transform: none; white-space: normal; widows: auto; word-spacing: 0px; -webkit-text-stroke-width: 0px; text-decoration: none; caret-color: #000000; color: #000000;\"><\/span><span>MENTIONS L\u00c9GALES<\/span><\/h1>\n<p>[\/et_pb_text][\/et_pb_column][\/et_pb_row][\/et_pb_section][et_pb_section fb_built=\u00a0\u00bb1&Prime; _builder_version=\u00a0\u00bb4.27.5&Prime; _module_preset=\u00a0\u00bbdefault\u00a0\u00bb global_colors_info=\u00a0\u00bb{}\u00a0\u00bb locked=\u00a0\u00bboff\u00a0\u00bb theme_builder_area=\u00a0\u00bbpost_content\u00a0\u00bb][et_pb_row _builder_version=\u00a0\u00bb4.27.5&Prime; _module_preset=\u00a0\u00bbdefault\u00a0\u00bb global_colors_info=\u00a0\u00bb{}\u00a0\u00bb theme_builder_area=\u00a0\u00bbpost_content\u00a0\u00bb][et_pb_column type=\u00a0\u00bb4_4&Prime; _builder_version=\u00a0\u00bb4.27.5&Prime; _module_preset=\u00a0\u00bbdefault\u00a0\u00bb global_colors_info=\u00a0\u00bb{}\u00a0\u00bb theme_builder_area=\u00a0\u00bbpost_content\u00a0\u00bb][et_pb_text _builder_version=\u00a0\u00bb4.27.5&Prime; _module_preset=\u00a0\u00bbdefault\u00a0\u00bb text_font=\u00a0\u00bbsharp-grotesk-book||||||||\u00a0\u00bb text_text_color=\u00a0\u00bb#A60D5D\u00a0\u00bb text_font_size=\u00a0\u00bb30px\u00a0\u00bb hover_enabled=\u00a0\u00bb0&Prime; text_font_size_tablet=\u00a0\u00bb25px\u00a0\u00bb text_font_size_phone=\u00a0\u00bb20px\u00a0\u00bb text_font_size_last_edited=\u00a0\u00bbon|phone\u00a0\u00bb global_colors_info=\u00a0\u00bb{}\u00a0\u00bb theme_builder_area=\u00a0\u00bbpost_content\u00a0\u00bb sticky_enabled=\u00a0\u00bb0&Prime;]<\/p>\n<p>1. \u00c9diteur du site<\/p>\n<p>[\/et_pb_text][et_pb_text _builder_version=\u00a0\u00bb4.27.5&Prime; _module_preset=\u00a0\u00bbdefault\u00a0\u00bb text_font=\u00a0\u00bbgotham-book||||||||\u00a0\u00bb text_text_color=\u00a0\u00bb#253546&Prime; text_font_size=\u00a0\u00bb16px\u00a0\u00bb text_font_size_tablet=\u00a0\u00bb14px\u00a0\u00bb text_font_size_phone=\u00a0\u00bb12px\u00a0\u00bb text_font_size_last_edited=\u00a0\u00bbon|desktop\u00a0\u00bb global_colors_info=\u00a0\u00bb{}\u00a0\u00bb theme_builder_area=\u00a0\u00bbpost_content\u00a0\u00bb]<\/p>\n<p>Le site sushi.fr est \u00e9dit\u00e9 par la soci\u00e9t\u00e9 P2S (Planet Sushi),<\/p>\n<p>Soci\u00e9t\u00e9 par Actions Simplifi\u00e9e (SAS) au capital de 1 000 \u20ac.<\/p>\n<p>&nbsp;<\/p>\n<p>Si\u00e8ge social<\/p>\n<p>10 rue de Penthi\u00e8vre<\/p>\n<p>75008 Paris \u2013 France<\/p>\n<p>&nbsp;<\/p>\n<p>Immatriculation<\/p>\n<p>RCS Paris n\u00b0 951 840 925<\/p>\n<p>Directeur de la publication<\/p>\n<p>Mohammed Baladi, Pr\u00e9sident Directeur G\u00e9n\u00e9ral de P2S<\/p>\n<p>&nbsp;<\/p>\n<p>Contact<\/p>\n<p>Email : mbaladi@nipponfactory.fr<\/p>\n<p>[\/et_pb_text][et_pb_text _builder_version=\u00a0\u00bb4.27.5&Prime; _module_preset=\u00a0\u00bbdefault\u00a0\u00bb text_font=\u00a0\u00bbsharp-grotesk-book||||||||\u00a0\u00bb text_text_color=\u00a0\u00bb#A60D5D\u00a0\u00bb text_font_size=\u00a0\u00bb30px\u00a0\u00bb text_font_size_tablet=\u00a0\u00bb25px\u00a0\u00bb text_font_size_phone=\u00a0\u00bb20px\u00a0\u00bb text_font_size_last_edited=\u00a0\u00bbon|phone\u00a0\u00bb global_colors_info=\u00a0\u00bb{}\u00a0\u00bb theme_builder_area=\u00a0\u00bbpost_content\u00a0\u00bb]<\/p>\n<p>2. H\u00e9bergement<\/p>\n<p>[\/et_pb_text][et_pb_text _builder_version=\u00a0\u00bb4.27.5&Prime; _module_preset=\u00a0\u00bbdefault\u00a0\u00bb text_font=\u00a0\u00bbgotham-book||||||||\u00a0\u00bb text_text_color=\u00a0\u00bb#253546&Prime; text_font_size=\u00a0\u00bb16px\u00a0\u00bb hover_enabled=\u00a0\u00bb0&Prime; text_font_size_tablet=\u00a0\u00bb14px\u00a0\u00bb text_font_size_phone=\u00a0\u00bb12px\u00a0\u00bb text_font_size_last_edited=\u00a0\u00bbon|desktop\u00a0\u00bb global_colors_info=\u00a0\u00bb{}\u00a0\u00bb theme_builder_area=\u00a0\u00bbpost_content\u00a0\u00bb sticky_enabled=\u00a0\u00bb0&Prime;]<\/p>\n<p>Le site est h\u00e9berg\u00e9 par :<\/p>\n<p>OVH<\/p>\n<p>2 rue Kellermann<\/p>\n<p>59100 Roubaix \u2013 France<\/p>\n<p>T\u00e9l\u00e9phone : +33 9 72 10 10 07<\/p>\n<p>Site d\u00e9velopp\u00e9 et administr\u00e9 sous WordPress.<\/p>\n<p>[\/et_pb_text][et_pb_text _builder_version=\u00a0\u00bb4.27.5&Prime; _module_preset=\u00a0\u00bbdefault\u00a0\u00bb text_font=\u00a0\u00bbsharp-grotesk-book||||||||\u00a0\u00bb text_text_color=\u00a0\u00bb#A60D5D\u00a0\u00bb text_font_size=\u00a0\u00bb30px\u00a0\u00bb text_font_size_tablet=\u00a0\u00bb25px\u00a0\u00bb text_font_size_phone=\u00a0\u00bb20px\u00a0\u00bb text_font_size_last_edited=\u00a0\u00bbon|phone\u00a0\u00bb global_colors_info=\u00a0\u00bb{}\u00a0\u00bb theme_builder_area=\u00a0\u00bbpost_content\u00a0\u00bb]<\/p>\n<p>3. Propri\u00e9t\u00e9 intellectuelle<\/p>\n<p>[\/et_pb_text][et_pb_text _builder_version=\u00a0\u00bb4.27.5&Prime; _module_preset=\u00a0\u00bbdefault\u00a0\u00bb text_font=\u00a0\u00bbgotham-book||||||||\u00a0\u00bb text_text_color=\u00a0\u00bb#253546&Prime; text_font_size=\u00a0\u00bb16px\u00a0\u00bb hover_enabled=\u00a0\u00bb0&Prime; text_font_size_tablet=\u00a0\u00bb14px\u00a0\u00bb text_font_size_phone=\u00a0\u00bb12px\u00a0\u00bb text_font_size_last_edited=\u00a0\u00bbon|desktop\u00a0\u00bb global_colors_info=\u00a0\u00bb{}\u00a0\u00bb theme_builder_area=\u00a0\u00bbpost_content\u00a0\u00bb sticky_enabled=\u00a0\u00bb0&Prime;]<\/p>\n<p>L\u2019ensemble des \u00e9l\u00e9ments composant le site sushi.fr, notamment les textes, images, graphismes, logos, vid\u00e9os, ic\u00f4nes, sons, bases de donn\u00e9es et logiciels, est prot\u00e9g\u00e9 par le droit de la propri\u00e9t\u00e9 intellectuelle.<\/p>\n<p>Ces \u00e9l\u00e9ments sont la propri\u00e9t\u00e9 exclusive de P2S ou de ses partenaires.<\/p>\n<p>Toute reproduction, repr\u00e9sentation, modification, diffusion ou exploitation, totale ou partielle, sans autorisation \u00e9crite pr\u00e9alable, est strictement interdite.<\/p>\n<p>[\/et_pb_text][et_pb_text _builder_version=\u00a0\u00bb4.27.5&Prime; _module_preset=\u00a0\u00bbdefault\u00a0\u00bb text_font=\u00a0\u00bbsharp-grotesk-book||||||||\u00a0\u00bb text_text_color=\u00a0\u00bb#A60D5D\u00a0\u00bb text_font_size=\u00a0\u00bb30px\u00a0\u00bb hover_enabled=\u00a0\u00bb0&Prime; text_font_size_tablet=\u00a0\u00bb25px\u00a0\u00bb text_font_size_phone=\u00a0\u00bb20px\u00a0\u00bb text_font_size_last_edited=\u00a0\u00bbon|phone\u00a0\u00bb global_colors_info=\u00a0\u00bb{}\u00a0\u00bb theme_builder_area=\u00a0\u00bbpost_content\u00a0\u00bb sticky_enabled=\u00a0\u00bb0&Prime;]<\/p>\n<p>4. Donn\u00e9es personnelles<\/p>\n<p>[\/et_pb_text][et_pb_text _builder_version=\u00a0\u00bb4.27.5&Prime; _module_preset=\u00a0\u00bbdefault\u00a0\u00bb text_font=\u00a0\u00bbgotham-book||||||||\u00a0\u00bb text_text_color=\u00a0\u00bb#253546&Prime; text_font_size=\u00a0\u00bb16px\u00a0\u00bb text_font_size_tablet=\u00a0\u00bb14px\u00a0\u00bb text_font_size_phone=\u00a0\u00bb12px\u00a0\u00bb text_font_size_last_edited=\u00a0\u00bbon|desktop\u00a0\u00bb global_colors_info=\u00a0\u00bb{}\u00a0\u00bb theme_builder_area=\u00a0\u00bbpost_content\u00a0\u00bb]<\/p>\n<p>Les donn\u00e9es personnelles collect\u00e9es via le site sushi.fr sont trait\u00e9es par P2S aux seules fins de gestion de la relation client, de traitement des demandes et, le cas \u00e9ch\u00e9ant, de la commande de produits via la plateforme partenaire.<\/p>\n<p>Conform\u00e9ment \u00e0 la r\u00e9glementation applicable (RGPD), l\u2019utilisateur dispose d\u2019un droit d\u2019acc\u00e8s, de rectification, d\u2019opposition et de suppression des donn\u00e9es le concernant, qu\u2019il peut exercer en contactant : mbaladi@nipponfactory.fr<\/p>\n<p>[\/et_pb_text][et_pb_text _builder_version=\u00a0\u00bb4.27.5&Prime; _module_preset=\u00a0\u00bbdefault\u00a0\u00bb text_font=\u00a0\u00bbsharp-grotesk-book||||||||\u00a0\u00bb text_text_color=\u00a0\u00bb#A60D5D\u00a0\u00bb text_font_size=\u00a0\u00bb30px\u00a0\u00bb hover_enabled=\u00a0\u00bb0&Prime; text_font_size_tablet=\u00a0\u00bb25px\u00a0\u00bb text_font_size_phone=\u00a0\u00bb20px\u00a0\u00bb text_font_size_last_edited=\u00a0\u00bbon|phone\u00a0\u00bb global_colors_info=\u00a0\u00bb{}\u00a0\u00bb theme_builder_area=\u00a0\u00bbpost_content\u00a0\u00bb sticky_enabled=\u00a0\u00bb0&Prime;]<\/p>\n<p>5. Responsabilit\u00e9<\/p>\n<p>[\/et_pb_text][et_pb_text _builder_version=\u00a0\u00bb4.27.5&Prime; _module_preset=\u00a0\u00bbdefault\u00a0\u00bb text_font=\u00a0\u00bbgotham-book||||||||\u00a0\u00bb text_text_color=\u00a0\u00bb#253546&Prime; text_font_size=\u00a0\u00bb16px\u00a0\u00bb text_font_size_tablet=\u00a0\u00bb14px\u00a0\u00bb text_font_size_phone=\u00a0\u00bb12px\u00a0\u00bb text_font_size_last_edited=\u00a0\u00bbon|desktop\u00a0\u00bb global_colors_info=\u00a0\u00bb{}\u00a0\u00bb theme_builder_area=\u00a0\u00bbpost_content\u00a0\u00bb]<\/p>\n<p>P2S met tout en \u0153uvre pour assurer l\u2019exactitude et la mise \u00e0 jour des informations diffus\u00e9es sur le site sushi.fr. Toutefois, elle ne saurait \u00eatre tenue responsable des erreurs, omissions ou d\u2019une indisponibilit\u00e9 temporaire du site.<\/p>\n<p>[\/et_pb_text][\/et_pb_column][\/et_pb_row][\/et_pb_section]<\/p>\n","protected":false},"excerpt":{"rendered":"<p>MENTIONS L\u00c9GALES1. \u00c9diteur du siteLe site sushi.fr est \u00e9dit\u00e9 par la soci\u00e9t\u00e9 P2S (Planet Sushi), Soci\u00e9t\u00e9 par Actions Simplifi\u00e9e (SAS) au capital de 1 000 \u20ac. &nbsp; Si\u00e8ge social 10 rue de Penthi\u00e8vre 75008 Paris \u2013 France &nbsp; Immatriculation RCS Paris n\u00b0 951 840 925 Directeur de la publication Mohammed Baladi, Pr\u00e9sident Directeur G\u00e9n\u00e9ral de [&hellip;]<\/p>\n","protected":false},"author":2,"featured_media":0,"parent":0,"menu_order":0,"comment_status":"closed","ping_status":"closed","template":"","meta":{"_et_pb_use_builder":"on","_et_pb_old_content":"","_et_gb_content_width":"","footnotes":""},"dipi_cpt_category":[],"class_list":["post-27397183","page","type-page","status-publish","hentry"],"yoast_head":"<!-- This site is optimized with the Yoast SEO plugin v26.6 - https:\/\/yoast.com\/wordpress\/plugins\/seo\/ -->\n<title>MENTIONS L\u00c9GALES - PLANET SUSHI DEV<\/title>\n<meta name=\"robots\" content=\"index, follow, max-snippet:-1, max-image-preview:large, max-video-preview:-1\" \/>\n<link rel=\"canonical\" href=\"http:\/\/dev.sushi.fr\/index.php\/mentions-legales\/\" \/>\n<meta property=\"og:locale\" content=\"fr_FR\" \/>\n<meta property=\"og:type\" content=\"article\" \/>\n<meta property=\"og:title\" content=\"MENTIONS L\u00c9GALES - PLANET SUSHI DEV\" \/>\n<meta property=\"og:description\" content=\"MENTIONS L\u00c9GALES1. \u00c9diteur du siteLe site sushi.fr est \u00e9dit\u00e9 par la soci\u00e9t\u00e9 P2S (Planet Sushi), Soci\u00e9t\u00e9 par Actions Simplifi\u00e9e (SAS) au capital de 1 000 \u20ac. &nbsp; Si\u00e8ge social 10 rue de Penthi\u00e8vre 75008 Paris \u2013 France &nbsp; Immatriculation RCS Paris n\u00b0 951 840 925 Directeur de la publication Mohammed Baladi, Pr\u00e9sident Directeur G\u00e9n\u00e9ral de [&hellip;]\" \/>\n<meta property=\"og:url\" content=\"http:\/\/dev.sushi.fr\/index.php\/mentions-legales\/\" \/>\n<meta property=\"og:site_name\" content=\"PLANET SUSHI DEV\" \/>\n<meta property=\"article:publisher\" content=\"https:\/\/www.facebook.com\/PlanetSushi\" \/>\n<meta name=\"twitter:card\" content=\"summary_large_image\" \/>\n<meta name=\"twitter:site\" content=\"@PlanetSushi\" \/>\n<script type=\"application\/ld+json\" class=\"yoast-schema-graph\">{\"@context\":\"https:\/\/schema.org\",\"@graph\":[{\"@type\":\"WebPage\",\"@id\":\"http:\/\/dev.sushi.fr\/index.php\/mentions-legales\/\",\"url\":\"http:\/\/dev.sushi.fr\/index.php\/mentions-legales\/\",\"name\":\"MENTIONS L\u00c9GALES - PLANET SUSHI DEV\",\"isPartOf\":{\"@id\":\"http:\/\/dev.sushi.fr\/#website\"},\"datePublished\":\"2026-01-05T11:16:42+00:00\",\"breadcrumb\":{\"@id\":\"http:\/\/dev.sushi.fr\/index.php\/mentions-legales\/#breadcrumb\"},\"inLanguage\":\"fr-FR\",\"potentialAction\":[{\"@type\":\"ReadAction\",\"target\":[\"http:\/\/dev.sushi.fr\/index.php\/mentions-legales\/\"]}]},{\"@type\":\"BreadcrumbList\",\"@id\":\"http:\/\/dev.sushi.fr\/index.php\/mentions-legales\/#breadcrumb\",\"itemListElement\":[{\"@type\":\"ListItem\",\"position\":1,\"name\":\"Accueil\",\"item\":\"http:\/\/dev.sushi.fr\/\"},{\"@type\":\"ListItem\",\"position\":2,\"name\":\"MENTIONS L\u00c9GALES\"}]},{\"@type\":\"WebSite\",\"@id\":\"http:\/\/dev.sushi.fr\/#website\",\"url\":\"http:\/\/dev.sushi.fr\/\",\"name\":\"PLANET SUSHI\",\"description\":\"Restaurant japonais\",\"publisher\":{\"@id\":\"http:\/\/dev.sushi.fr\/#organization\"},\"potentialAction\":[{\"@type\":\"SearchAction\",\"target\":{\"@type\":\"EntryPoint\",\"urlTemplate\":\"http:\/\/dev.sushi.fr\/?s={search_term_string}\"},\"query-input\":{\"@type\":\"PropertyValueSpecification\",\"valueRequired\":true,\"valueName\":\"search_term_string\"}}],\"inLanguage\":\"fr-FR\"},{\"@type\":\"Organization\",\"@id\":\"http:\/\/dev.sushi.fr\/#organization\",\"name\":\"PLANET SUSHI\",\"url\":\"http:\/\/dev.sushi.fr\/\",\"logo\":{\"@type\":\"ImageObject\",\"inLanguage\":\"fr-FR\",\"@id\":\"http:\/\/dev.sushi.fr\/#\/schema\/logo\/image\/\",\"url\":\"http:\/\/dev.sushi.fr\/wp-content\/uploads\/2025\/12\/cropped-planet-sushi-icon.png\",\"contentUrl\":\"http:\/\/dev.sushi.fr\/wp-content\/uploads\/2025\/12\/cropped-planet-sushi-icon.png\",\"width\":512,\"height\":512,\"caption\":\"PLANET SUSHI\"},\"image\":{\"@id\":\"http:\/\/dev.sushi.fr\/#\/schema\/logo\/image\/\"},\"sameAs\":[\"https:\/\/www.facebook.com\/PlanetSushi\",\"https:\/\/x.com\/PlanetSushi\",\"https:\/\/www.instagram.com\/planetsushi\/?hl=fr\",\"https:\/\/www.youtube.com\/user\/planetsushiTV\"]}]}<\/script>\n<!-- \/ Yoast SEO plugin. -->","yoast_head_json":{"title":"MENTIONS L\u00c9GALES - PLANET SUSHI DEV","robots":{"index":"index","follow":"follow","max-snippet":"max-snippet:-1","max-image-preview":"max-image-preview:large","max-video-preview":"max-video-preview:-1"},"canonical":"http:\/\/dev.sushi.fr\/index.php\/mentions-legales\/","og_locale":"fr_FR","og_type":"article","og_title":"MENTIONS L\u00c9GALES - PLANET SUSHI DEV","og_description":"MENTIONS L\u00c9GALES1. \u00c9diteur du siteLe site sushi.fr est \u00e9dit\u00e9 par la soci\u00e9t\u00e9 P2S (Planet Sushi), Soci\u00e9t\u00e9 par Actions Simplifi\u00e9e (SAS) au capital de 1 000 \u20ac. &nbsp; Si\u00e8ge social 10 rue de Penthi\u00e8vre 75008 Paris \u2013 France &nbsp; Immatriculation RCS Paris n\u00b0 951 840 925 Directeur de la publication Mohammed Baladi, Pr\u00e9sident Directeur G\u00e9n\u00e9ral de [&hellip;]","og_url":"http:\/\/dev.sushi.fr\/index.php\/mentions-legales\/","og_site_name":"PLANET SUSHI DEV","article_publisher":"https:\/\/www.facebook.com\/PlanetSushi","twitter_card":"summary_large_image","twitter_site":"@PlanetSushi","schema":{"@context":"https:\/\/schema.org","@graph":[{"@type":"WebPage","@id":"http:\/\/dev.sushi.fr\/index.php\/mentions-legales\/","url":"http:\/\/dev.sushi.fr\/index.php\/mentions-legales\/","name":"MENTIONS L\u00c9GALES - PLANET SUSHI DEV","isPartOf":{"@id":"http:\/\/dev.sushi.fr\/#website"},"datePublished":"2026-01-05T11:16:42+00:00","breadcrumb":{"@id":"http:\/\/dev.sushi.fr\/index.php\/mentions-legales\/#breadcrumb"},"inLanguage":"fr-FR","potentialAction":[{"@type":"ReadAction","target":["http:\/\/dev.sushi.fr\/index.php\/mentions-legales\/"]}]},{"@type":"BreadcrumbList","@id":"http:\/\/dev.sushi.fr\/index.php\/mentions-legales\/#breadcrumb","itemListElement":[{"@type":"ListItem","position":1,"name":"Accueil","item":"http:\/\/dev.sushi.fr\/"},{"@type":"ListItem","position":2,"name":"MENTIONS L\u00c9GALES"}]},{"@type":"WebSite","@id":"http:\/\/dev.sushi.fr\/#website","url":"http:\/\/dev.sushi.fr\/","name":"PLANET SUSHI","description":"Restaurant japonais","publisher":{"@id":"http:\/\/dev.sushi.fr\/#organization"},"potentialAction":[{"@type":"SearchAction","target":{"@type":"EntryPoint","urlTemplate":"http:\/\/dev.sushi.fr\/?s={search_term_string}"},"query-input":{"@type":"PropertyValueSpecification","valueRequired":true,"valueName":"search_term_string"}}],"inLanguage":"fr-FR"},{"@type":"Organization","@id":"http:\/\/dev.sushi.fr\/#organization","name":"PLANET SUSHI","url":"http:\/\/dev.sushi.fr\/","logo":{"@type":"ImageObject","inLanguage":"fr-FR","@id":"http:\/\/dev.sushi.fr\/#\/schema\/logo\/image\/","url":"http:\/\/dev.sushi.fr\/wp-content\/uploads\/2025\/12\/cropped-planet-sushi-icon.png","contentUrl":"http:\/\/dev.sushi.fr\/wp-content\/uploads\/2025\/12\/cropped-planet-sushi-icon.png","width":512,"height":512,"caption":"PLANET SUSHI"},"image":{"@id":"http:\/\/dev.sushi.fr\/#\/schema\/logo\/image\/"},"sameAs":["https:\/\/www.facebook.com\/PlanetSushi","https:\/\/x.com\/PlanetSushi","https:\/\/www.instagram.com\/planetsushi\/?hl=fr","https:\/\/www.youtube.com\/user\/planetsushiTV"]}]}},"_links":{"self":[{"href":"https:\/\/dev.sushi.fr\/index.php\/wp-json\/wp\/v2\/pages\/27397183","targetHints":{"allow":["GET"]}}],"collection":[{"href":"https:\/\/dev.sushi.fr\/index.php\/wp-json\/wp\/v2\/pages"}],"about":[{"href":"https:\/\/dev.sushi.fr\/index.php\/wp-json\/wp\/v2\/types\/page"}],"author":[{"embeddable":true,"href":"https:\/\/dev.sushi.fr\/index.php\/wp-json\/wp\/v2\/users\/2"}],"replies":[{"embeddable":true,"href":"https:\/\/dev.sushi.fr\/index.php\/wp-json\/wp\/v2\/comments?post=27397183"}],"version-history":[{"count":2,"href":"https:\/\/dev.sushi.fr\/index.php\/wp-json\/wp\/v2\/pages\/27397183\/revisions"}],"predecessor-version":[{"id":27397189,"href":"https:\/\/dev.sushi.fr\/index.php\/wp-json\/wp\/v2\/pages\/27397183\/revisions\/27397189"}],"wp:attachment":[{"href":"https:\/\/dev.sushi.fr\/index.php\/wp-json\/wp\/v2\/media?parent=27397183"}],"wp:term":[{"taxonomy":"dipi_cpt_category","embeddable":true,"href":"https:\/\/dev.sushi.fr\/index.php\/wp-json\/wp\/v2\/dipi_cpt_category?post=27397183"}],"curies":[{"name":"wp","href":"https:\/\/api.w.org\/{rel}","templated":true}]}}