{"id":27009716,"date":"2025-12-28T20:18:59","date_gmt":"2025-12-28T20:18:59","guid":{"rendered":"https:\/\/dev.sushi.fr\/?page_id=27009716"},"modified":"2025-12-31T21:36:56","modified_gmt":"2025-12-31T21:36:56","slug":"erreur-404-page-nontrouvee","status":"publish","type":"page","link":"https:\/\/dev.sushi.fr\/index.php\/erreur-404-page-nontrouvee\/","title":{"rendered":"ERREUR 404 &#8211; Page non trouv\u00e9e"},"content":{"rendered":"","protected":false},"excerpt":{"rendered":"","protected":false},"author":2,"featured_media":0,"parent":0,"menu_order":0,"comment_status":"closed","ping_status":"closed","template":"","meta":{"_et_pb_use_builder":"on","_et_pb_old_content":"","_et_gb_content_width":"","footnotes":""},"dipi_cpt_category":[],"class_list":["post-27009716","page","type-page","status-publish","hentry"],"yoast_head":"<!-- This site is optimized with the Yoast SEO plugin v26.6 - https:\/\/yoast.com\/wordpress\/plugins\/seo\/ -->\n<title>Page non trouv\u00e9e \u2013 Planet Sushi<\/title>\n<meta name=\"description\" content=\"Oups ! La page que vous cherchez n\u2019a pas \u00e9t\u00e9 trouv\u00e9e. D\u00e9couvrez nos restaurants Planet Sushi ou notre menu pour trouver vos sushis pr\u00e9f\u00e9r\u00e9s.\" \/>\n<meta name=\"robots\" content=\"noindex, nofollow\" \/>\n<meta property=\"og:locale\" content=\"fr_FR\" \/>\n<meta property=\"og:type\" content=\"article\" \/>\n<meta property=\"og:title\" content=\"Page non trouv\u00e9e \u2013 Planet Sushi\" \/>\n<meta property=\"og:description\" content=\"Oups ! La page que vous cherchez n\u2019a pas \u00e9t\u00e9 trouv\u00e9e. D\u00e9couvrez nos restaurants Planet Sushi ou notre menu pour trouver vos sushis pr\u00e9f\u00e9r\u00e9s.\" \/>\n<meta property=\"og:url\" content=\"http:\/\/dev.sushi.fr\/index.php\/erreur-404-page-nontrouvee\/\" \/>\n<meta property=\"og:site_name\" content=\"PLANET SUSHI DEV\" \/>\n<meta property=\"article:publisher\" content=\"https:\/\/www.facebook.com\/PlanetSushi\" \/>\n<meta property=\"article:modified_time\" content=\"2025-12-31T21:36:56+00:00\" \/>\n<meta name=\"twitter:card\" content=\"summary_large_image\" \/>\n<meta name=\"twitter:site\" content=\"@PlanetSushi\" \/>\n<script type=\"application\/ld+json\" class=\"yoast-schema-graph\">{\"@context\":\"https:\/\/schema.org\",\"@graph\":[{\"@type\":\"WebPage\",\"@id\":\"http:\/\/dev.sushi.fr\/index.php\/erreur-404-page-nontrouvee\/\",\"url\":\"http:\/\/dev.sushi.fr\/index.php\/erreur-404-page-nontrouvee\/\",\"name\":\"Page non trouv\u00e9e \u2013 Planet Sushi\",\"isPartOf\":{\"@id\":\"http:\/\/dev.sushi.fr\/#website\"},\"datePublished\":\"2025-12-28T20:18:59+00:00\",\"dateModified\":\"2025-12-31T21:36:56+00:00\",\"description\":\"Oups ! La page que vous cherchez n\u2019a pas \u00e9t\u00e9 trouv\u00e9e. D\u00e9couvrez nos restaurants Planet Sushi ou notre menu pour trouver vos sushis pr\u00e9f\u00e9r\u00e9s.\",\"breadcrumb\":{\"@id\":\"http:\/\/dev.sushi.fr\/index.php\/erreur-404-page-nontrouvee\/#breadcrumb\"},\"inLanguage\":\"fr-FR\",\"potentialAction\":[{\"@type\":\"ReadAction\",\"target\":[\"http:\/\/dev.sushi.fr\/index.php\/erreur-404-page-nontrouvee\/\"]}]},{\"@type\":\"BreadcrumbList\",\"@id\":\"http:\/\/dev.sushi.fr\/index.php\/erreur-404-page-nontrouvee\/#breadcrumb\",\"itemListElement\":[{\"@type\":\"ListItem\",\"position\":1,\"name\":\"Accueil\",\"item\":\"http:\/\/dev.sushi.fr\/\"},{\"@type\":\"ListItem\",\"position\":2,\"name\":\"ERREUR 404 &#8211; Page non trouv\u00e9e\"}]},{\"@type\":\"WebSite\",\"@id\":\"http:\/\/dev.sushi.fr\/#website\",\"url\":\"http:\/\/dev.sushi.fr\/\",\"name\":\"PLANET SUSHI\",\"description\":\"Restaurant japonais\",\"publisher\":{\"@id\":\"http:\/\/dev.sushi.fr\/#organization\"},\"potentialAction\":[{\"@type\":\"SearchAction\",\"target\":{\"@type\":\"EntryPoint\",\"urlTemplate\":\"http:\/\/dev.sushi.fr\/?s={search_term_string}\"},\"query-input\":{\"@type\":\"PropertyValueSpecification\",\"valueRequired\":true,\"valueName\":\"search_term_string\"}}],\"inLanguage\":\"fr-FR\"},{\"@type\":\"Organization\",\"@id\":\"http:\/\/dev.sushi.fr\/#organization\",\"name\":\"PLANET SUSHI\",\"url\":\"http:\/\/dev.sushi.fr\/\",\"logo\":{\"@type\":\"ImageObject\",\"inLanguage\":\"fr-FR\",\"@id\":\"http:\/\/dev.sushi.fr\/#\/schema\/logo\/image\/\",\"url\":\"http:\/\/dev.sushi.fr\/wp-content\/uploads\/2025\/12\/cropped-planet-sushi-icon.png\",\"contentUrl\":\"http:\/\/dev.sushi.fr\/wp-content\/uploads\/2025\/12\/cropped-planet-sushi-icon.png\",\"width\":512,\"height\":512,\"caption\":\"PLANET SUSHI\"},\"image\":{\"@id\":\"http:\/\/dev.sushi.fr\/#\/schema\/logo\/image\/\"},\"sameAs\":[\"https:\/\/www.facebook.com\/PlanetSushi\",\"https:\/\/x.com\/PlanetSushi\",\"https:\/\/www.instagram.com\/planetsushi\/?hl=fr\",\"https:\/\/www.youtube.com\/user\/planetsushiTV\"]}]}<\/script>\n<!-- \/ Yoast SEO plugin. -->","yoast_head_json":{"title":"Page non trouv\u00e9e \u2013 Planet Sushi","description":"Oups ! La page que vous cherchez n\u2019a pas \u00e9t\u00e9 trouv\u00e9e. D\u00e9couvrez nos restaurants Planet Sushi ou notre menu pour trouver vos sushis pr\u00e9f\u00e9r\u00e9s.","robots":{"index":"noindex","follow":"nofollow"},"og_locale":"fr_FR","og_type":"article","og_title":"Page non trouv\u00e9e \u2013 Planet Sushi","og_description":"Oups ! La page que vous cherchez n\u2019a pas \u00e9t\u00e9 trouv\u00e9e. D\u00e9couvrez nos restaurants Planet Sushi ou notre menu pour trouver vos sushis pr\u00e9f\u00e9r\u00e9s.","og_url":"http:\/\/dev.sushi.fr\/index.php\/erreur-404-page-nontrouvee\/","og_site_name":"PLANET SUSHI DEV","article_publisher":"https:\/\/www.facebook.com\/PlanetSushi","article_modified_time":"2025-12-31T21:36:56+00:00","twitter_card":"summary_large_image","twitter_site":"@PlanetSushi","schema":{"@context":"https:\/\/schema.org","@graph":[{"@type":"WebPage","@id":"http:\/\/dev.sushi.fr\/index.php\/erreur-404-page-nontrouvee\/","url":"http:\/\/dev.sushi.fr\/index.php\/erreur-404-page-nontrouvee\/","name":"Page non trouv\u00e9e \u2013 Planet Sushi","isPartOf":{"@id":"http:\/\/dev.sushi.fr\/#website"},"datePublished":"2025-12-28T20:18:59+00:00","dateModified":"2025-12-31T21:36:56+00:00","description":"Oups ! La page que vous cherchez n\u2019a pas \u00e9t\u00e9 trouv\u00e9e. D\u00e9couvrez nos restaurants Planet Sushi ou notre menu pour trouver vos sushis pr\u00e9f\u00e9r\u00e9s.","breadcrumb":{"@id":"http:\/\/dev.sushi.fr\/index.php\/erreur-404-page-nontrouvee\/#breadcrumb"},"inLanguage":"fr-FR","potentialAction":[{"@type":"ReadAction","target":["http:\/\/dev.sushi.fr\/index.php\/erreur-404-page-nontrouvee\/"]}]},{"@type":"BreadcrumbList","@id":"http:\/\/dev.sushi.fr\/index.php\/erreur-404-page-nontrouvee\/#breadcrumb","itemListElement":[{"@type":"ListItem","position":1,"name":"Accueil","item":"http:\/\/dev.sushi.fr\/"},{"@type":"ListItem","position":2,"name":"ERREUR 404 &#8211; Page non trouv\u00e9e"}]},{"@type":"WebSite","@id":"http:\/\/dev.sushi.fr\/#website","url":"http:\/\/dev.sushi.fr\/","name":"PLANET SUSHI","description":"Restaurant japonais","publisher":{"@id":"http:\/\/dev.sushi.fr\/#organization"},"potentialAction":[{"@type":"SearchAction","target":{"@type":"EntryPoint","urlTemplate":"http:\/\/dev.sushi.fr\/?s={search_term_string}"},"query-input":{"@type":"PropertyValueSpecification","valueRequired":true,"valueName":"search_term_string"}}],"inLanguage":"fr-FR"},{"@type":"Organization","@id":"http:\/\/dev.sushi.fr\/#organization","name":"PLANET SUSHI","url":"http:\/\/dev.sushi.fr\/","logo":{"@type":"ImageObject","inLanguage":"fr-FR","@id":"http:\/\/dev.sushi.fr\/#\/schema\/logo\/image\/","url":"http:\/\/dev.sushi.fr\/wp-content\/uploads\/2025\/12\/cropped-planet-sushi-icon.png","contentUrl":"http:\/\/dev.sushi.fr\/wp-content\/uploads\/2025\/12\/cropped-planet-sushi-icon.png","width":512,"height":512,"caption":"PLANET SUSHI"},"image":{"@id":"http:\/\/dev.sushi.fr\/#\/schema\/logo\/image\/"},"sameAs":["https:\/\/www.facebook.com\/PlanetSushi","https:\/\/x.com\/PlanetSushi","https:\/\/www.instagram.com\/planetsushi\/?hl=fr","https:\/\/www.youtube.com\/user\/planetsushiTV"]}]}},"_links":{"self":[{"href":"https:\/\/dev.sushi.fr\/index.php\/wp-json\/wp\/v2\/pages\/27009716","targetHints":{"allow":["GET"]}}],"collection":[{"href":"https:\/\/dev.sushi.fr\/index.php\/wp-json\/wp\/v2\/pages"}],"about":[{"href":"https:\/\/dev.sushi.fr\/index.php\/wp-json\/wp\/v2\/types\/page"}],"author":[{"embeddable":true,"href":"https:\/\/dev.sushi.fr\/index.php\/wp-json\/wp\/v2\/users\/2"}],"replies":[{"embeddable":true,"href":"https:\/\/dev.sushi.fr\/index.php\/wp-json\/wp\/v2\/comments?post=27009716"}],"version-history":[{"count":6,"href":"https:\/\/dev.sushi.fr\/index.php\/wp-json\/wp\/v2\/pages\/27009716\/revisions"}],"predecessor-version":[{"id":27396594,"href":"https:\/\/dev.sushi.fr\/index.php\/wp-json\/wp\/v2\/pages\/27009716\/revisions\/27396594"}],"wp:attachment":[{"href":"https:\/\/dev.sushi.fr\/index.php\/wp-json\/wp\/v2\/media?parent=27009716"}],"wp:term":[{"taxonomy":"dipi_cpt_category","embeddable":true,"href":"https:\/\/dev.sushi.fr\/index.php\/wp-json\/wp\/v2\/dipi_cpt_category?post=27009716"}],"curies":[{"name":"wp","href":"https:\/\/api.w.org\/{rel}","templated":true}]}}